{"id":6335,"date":"2024-05-27T10:30:42","date_gmt":"2024-05-27T08:30:42","guid":{"rendered":"https:\/\/sportsmed.berlin\/?page_id=6335"},"modified":"2026-01-20T07:10:11","modified_gmt":"2026-01-20T06:10:11","slug":"wlan","status":"publish","type":"page","link":"https:\/\/sportsmed.berlin\/en\/wlan\/","title":{"rendered":"WLAN Nut\u00adzungs\u00adbe\u00addin\u00adgun\u00adgen"},"content":{"rendered":"\t\t<div data-elementor-type=\"wp-page\" data-elementor-id=\"6335\" class=\"elementor elementor-6335\" data-elementor-post-type=\"page\">\n\t\t\t\t<div class=\"elementor-element elementor-element-ea46667 e-con-full e-flex e-con e-parent\" data-id=\"ea46667\" data-element_type=\"container\" data-e-type=\"container\">\n\t\t<div class=\"elementor-element elementor-element-b1aab57 e-con-full e-flex e-con e-child\" data-id=\"b1aab57\" data-element_type=\"container\" data-e-type=\"container\">\n\t\t\t\t<div class=\"elementor-element elementor-element-8ef4499 elementor-widget elementor-widget-heading\" data-id=\"8ef4499\" data-element_type=\"widget\" data-e-type=\"widget\" data-widget_type=\"heading.default\">\n\t\t\t\t<div class=\"elementor-widget-container\">\n\t\t\t\t\t<h2 class=\"elementor-heading-title elementor-size-default\">WLAN Nutzungsbedingungen<\/h2>\t\t\t\t<\/div>\n\t\t\t\t<\/div>\n\t\t\t\t<div class=\"elementor-element elementor-element-d5e693d elementor-widget elementor-widget-spacer\" data-id=\"d5e693d\" data-element_type=\"widget\" data-e-type=\"widget\" data-widget_type=\"spacer.default\">\n\t\t\t\t<div class=\"elementor-widget-container\">\n\t\t\t\t\t\t\t<div class=\"elementor-spacer\">\n\t\t\t<div class=\"elementor-spacer-inner\"><\/div>\n\t\t<\/div>\n\t\t\t\t\t\t<\/div>\n\t\t\t\t<\/div>\n\t\t\t\t<div class=\"elementor-element elementor-element-d25d051 elementor-invisible elementor-widget elementor-widget-text-editor\" data-id=\"d25d051\" data-element_type=\"widget\" data-e-type=\"widget\" data-settings=\"{&quot;_animation&quot;:&quot;fadeIn&quot;,&quot;_animation_delay&quot;:300}\" data-widget_type=\"text-editor.default\">\n\t\t\t\t<div class=\"elementor-widget-container\">\n\t\t\t\t\t\t\t\t\t<div class=\"ct-container-full\" data-content=\"narrow\" data-vertical-spacing=\"top:bottom\"><article id=\"post-1649\" class=\"post-1649 page type-page status-publish hentry\"><div class=\"entry-content\"><div class=\"wp-block-ugb-container ugb-container ugb-container--width-small ugb-f873da7 ugb-container--v2 ugb-container--design-plain ugb-main-block ugb--has-custom-content-width\"><div class=\"ugb-inner-block\"><div class=\"ugb-block-content\"><div class=\"ugb-container__wrapper ugb-f873da7-wrapper\"><div class=\"ugb-container__side\"><div class=\"ugb-container__content-wrapper ugb-f873da7-content-wrapper\"><ol><li><strong> Gestattung zur Nutzung des kabellosen Internetzugangs<\/strong><\/li><\/ol><p>sportsmed.berlin stellt als Betreiber in den Praxisr\u00e4umen einen kabellosen Internetzugang (WLAN) zur Verf\u00fcgung. Er bietet dem User oder der Userin (in folgendem der Einfachheit \u201eder User\u201c genannt) f\u00fcr die Dauer des Aufenthaltes die M\u00f6glichkeit einer Mitbenutzung dieses Internetzugangs \u00fcber WLAN. Der User ist nicht berechtigt, Dritten die Nutzung dieses WLANs zu gestatten. Der Betreiber ist nicht in der Lage und auch nicht im Rahmen dieser Mitbenutzung durch den User verpflichtet, die tats\u00e4chliche Verf\u00fcgbarkeit, Geeignetheit oder Zuverl\u00e4ssigkeit dieses Internetzuganges f\u00fcr irgendeinen Zweck, auch volumenm\u00e4\u00dfig, zu gew\u00e4hrleisten. Der Betreiber ist jederzeit berechtigt, weitere User zuzulassen und den Zugang des Users ganz, teil- oder zeitweise zu beschr\u00e4nken oder ihn von einer weiteren Nutzung ganz auszuschlie\u00dfen. Der Betreiber beh\u00e4lt sich insbesondere vor, nach billigem Ermessen und jederzeit den Zugang auf bestimmte Seiten oder Dienste \u00fcber das WLAN zu sperren.<\/p><ol start=\"2\"><li><strong> Zugangsdaten<\/strong><\/li><\/ol><p>Der Betreiber stellt dem User hierf\u00fcr Zugangsdaten zur Verf\u00fcgung (Zugangssicherung). Diese Zugangsdaten (Login-Name und Passwort) d\u00fcrfen nicht an Dritte weitergegeben werden. Der Betreiber kann diese Zugangsdaten jederzeit \u00e4ndern bzw. zeitlich beschr\u00e4nken. In diesem Fall k\u00f6nnen jedoch durch den User neue Zugangsdaten angefordert werden. Der User verpflichtet sich, seine Zugangsdaten stets geheim zu halten.<\/p><ol start=\"3\"><li><strong> Haftungsbeschr\u00e4nkung<\/strong><\/li><\/ol><p>Dem User ist bekannt, dass das WLAN lediglich die Zugangsm\u00f6glichkeit zum Internet herstellt. Dar\u00fcber hinausgehende Sicherheitsma\u00dfnahmen (z.B. Virenschutz, Firewall o.\u00e4.) stellt der Betreiber nicht zur Verf\u00fcgung. Der unter Nutzung des WLANs hergestellte Datenverkehr verwendet eine WPA2-Verschl\u00fcsselung, so dass die missbr\u00e4uchliche Nutzung Dritter so gut wie ausgeschlossen ist und die Daten nicht durch Dritte eingesehen werden k\u00f6nnen. Die abgerufenen Inhalte unterliegen keiner \u00dcberpr\u00fcfung durch den Betreiber. Die Nutzung des WLANs erfolgt auf eigene Gefahr und auf eigenes Risiko des Users. F\u00fcr Sch\u00e4den an Ender\u00e4ten oder Daten des Users, die durch die Nutzung des WLANs entstehen, \u00fcbernimmt der Betreiber keine Haftung, es sei denn, die Sch\u00e4den wurden vom Betreiber und\/oder seinen Erf\u00fcllungsgehilfen vors\u00e4tzlich oder grob fahrl\u00e4ssig verursacht.<\/p><ol start=\"4\"><li><strong> Verantwortlichkeit des Users<\/strong><\/li><\/ol><p>F\u00fcr die \u00fcber das WLAN \u00fcbermittelten Daten, die dar\u00fcber in Anspruch genommenen Dienstleistungen und get\u00e4tigten Rechtsgesch\u00e4fte ist der User alleine verantwortlich. Nimmt der User \u00fcber das WLAN Dienste Dritter in Anspruch, sind die daraus resultierenden Kosten von ihm zu tragen.\u00a0<\/p><p><strong>Der User verpflichtet sich insbesondere bei Nutzung des WLANs geltendes Recht einzuhalten.\u00a0<\/strong><\/p><ul><li>Insbesondere wird der User keine urheberrechtlich gesch\u00fctzten Werke widerrechtlich vervielf\u00e4ltigen, verbreiten oder \u00f6ffentlich zug\u00e4nglich machen; dies gilt insbesondere im Zusammenhang mit dem Up- und Download bei Filesharing-Programmen oder \u00e4hnlichen Angeboten;<\/li><li>das WLAN weder zum Abruf noch zur Verbreitung von sitten- oder rechtswidrigen Inhalten nutzen;<\/li><li>geltende Jugendschutzvorschriften beachten;<\/li><li>keine herabw\u00fcrdigenden, verleumderischen oder bedrohenden Inhalte versenden oder verbreiten;<\/li><li>das WLAN nicht zur Versendung von Spam und\/oder anderen Formen unzul\u00e4ssiger Werbung nutzen.<\/li><\/ul><ol start=\"5\"><li><strong> Freistellung des Betreibers von Anspr\u00fcchen Dritter<\/strong><\/li><\/ol><p>Der User stellt den Betreiber von s\u00e4mtlichen Sch\u00e4den und Anspr\u00fcchen Dritter frei, die auf eine rechtswidrige Verwendung des WLANs durch den User und\/oder auf einen Versto\u00df gegen die vorliegende Vereinbarung zur\u00fcckzuf\u00fchren sind. Diese Freistellung erstreckt sich auch auf die mit der Inanspruchnahme bzw. deren Abwehr zusammenh\u00e4ngenden Kosten und Aufwendungen.<\/p><ol start=\"6\"><li><strong> Dokumentation<\/strong><\/li><\/ol><p>Der User wurde dar\u00fcber informiert, dass jede Nutzung des WLANs des Betreibers mit IP-Adresse, MAC-Adresse, Datum und Dauer dokumentiert und archiviert wird, um den Betreiber wenn n\u00f6tig schadlos zu halten und um nachzuweisen, welcher User wann das WLAN genutzt hat.<\/p><ol start=\"7\"><li><strong> Da\u00adten\u00adschutz<\/strong><\/li><\/ol><p>Wir le\u00adgen gro\u00ad\u00dfen Wert auf den Da\u00adten\u00adschutz und die Pri\u00advat\u00adsph\u00e4\u00adre der Nut\u00adzer un\u00adse\u00adres\u00a0WLANs. In die\u00adser Da\u00adten\u00adschutz\u00ader\u00adkl\u00e4\u00adrung m\u00f6ch\u00adten wir Ih\u00adnen kurz dar\u00adle\u00adgen, wie wir mit per\u00adso\u00adnen\u00adbe\u00adzo\u00adge\u00adnen Da\u00adten, die bei der Nut\u00adzung un\u00adse\u00adres\u00a0WLANs\u00a0von Ih\u00adnen er\u00adhe\u00adben, um\u00adge\u00adhen:<\/p><ul><li>Wir tra\u00adgen Sor\u00adge da\u00adf\u00fcr, dass Ih\u00adre per\u00adso\u00adnen\u00adbe\u00adzo\u00adge\u00adnen Da\u00adten nur er\u00adho\u00adben, ge\u00adspei\u00adchert und ver\u00adar\u00adbei\u00adtet wer\u00adden, so\u00adweit Sie dar\u00adin ein\u00adge\u00adwil\u00adligt ha\u00adben oder dies zur ver\u00adtrags\u00adge\u00adm\u00e4\u00ad\u00dfen Leis\u00adtungs\u00ader\u00adbrin\u00adgung er\u00adfor\u00adder\u00adlich und durch ge\u00adsetz\u00adli\u00adche Vor\u00adschrif\u00adten er\u00adlaubt, oder vom Ge\u00adsetz\u00adge\u00adber an\u00adge\u00adord\u00adnet ist.<\/li><li>F\u00fcr den Fall, dass im Rah\u00admen der Nut\u00adzung un\u00adse\u00adrer Leis\u00adtun\u00adgen da\u00adten\u00adschutz\u00adrecht\u00adli\u00adche Ein\u00adwil\u00adli\u00adgungs\u00ader\u00adkl\u00e4\u00adrun\u00adgen von Ih\u00adnen ein\u00adge\u00adholt wer\u00adden, stel\u00adlen wir si\u00adcher und wei\u00adsen dar\u00adauf hin, dass die\u00adse pro\u00adto\u00adkol\u00adliert wer\u00adden und Sie de\u00adren In\u00adhalt je\u00adder\u00adzeit ab\u00adru\u00adfen so\u00adwie die je\u00adwei\u00adli\u00adge Ein\u00adwil\u00adli\u00adgung je\u00adder\u00adzeit mit Wir\u00adkung f\u00fcr die Zu\u00adkunft wi\u00adder\u00adru\u00adfen k\u00f6n\u00adnen.<\/li><li>Um die Leis\u00adtun\u00adgen des\u00a0WLANs\u00a0f\u00fcr Sie zu er\u00adbrin\u00adgen, ist die Ver\u00adwen\u00addung von per\u00adso\u00adnen\u00adbe\u00adzo\u00adge\u00adnen Da\u00adten Ih\u00adres End\u00adge\u00adr\u00e4\u00adtes er\u00adfor\u00adder\u00adlich. In dem Zu\u00adsam\u00admen\u00adhang wer\u00adden ggf. auch die MAC-Adres\u00adsen von End\u00adge\u00adr\u00e4\u00adten tem\u00adpo\u00adr\u00e4r ge\u00adspei\u00adchert. Fer\u00adner wer\u00adden wir ggf. Pro\u00adto\u00adkoll\u00adda\u00adten (\u201eLog\u00adfiles\u201c) \u00fcber Art und Um\u00adfang der Nut\u00adzung der Dienst\u00adleis\u00adtun\u00adgen f\u00fcr 7 Ta\u00adge spei\u00adchern. Die\u00adse Da\u00adten k\u00f6n\u00adnen nicht un\u00admit\u00adtel\u00adbar Ih\u00adrer Per\u00adson zu\u00adge\u00adord\u00adnet wer\u00adden.<\/li><li>Uns ist es im Zu\u00adsam\u00admen\u00adhang mit den im Rah\u00admen der ver\u00adtrags\u00adge\u00adm\u00e4\u00ad\u00dfen Leis\u00adtungs\u00ader\u00adbrin\u00adgung er\u00adlang\u00adten Da\u00adten und im Rah\u00admen der gel\u00adten\u00adden recht\u00adli\u00adchen Be\u00adstim\u00admun\u00adgen ge\u00adstat\u00adtet sta\u00adtis\u00adti\u00adsche Da\u00adten an\u00adony\u00admi\u00adsiert zu ver\u00adar\u00adbei\u00adten.<\/li><li>Wir set\u00adzen tech\u00adni\u00adsche- und or\u00adga\u00adni\u00adsa\u00adto\u00adri\u00adsche Ma\u00df\u00adnah\u00admen ein, um Ih\u00adre durch uns ver\u00adwen\u00adde\u00adten Da\u00adten ge\u00adgen zu\u00adf\u00e4l\u00adli\u00adge oder vor\u00ads\u00e4tz\u00adli\u00adche Ma\u00adni\u00adpu\u00adla\u00adtio\u00adnen, Ver\u00adlust, Zer\u00adst\u00f6\u00adrung und ge\u00adgen den Zu\u00adgriff un\u00adbe\u00adrech\u00adtig\u00adter Per\u00adso\u00adnen zu sch\u00fct\u00adzen. Un\u00adse\u00adre Si\u00adcher\u00adheits\u00adma\u00df\u00adnah\u00admen wer\u00adden ent\u00adspre\u00adchend der tech\u00adno\u00adlo\u00adgi\u00adschen Ent\u00adwick\u00adlung lau\u00adfend ver\u00adbes\u00adsert.<\/li><li>Al\u00adle von uns \u00fcber Sie er\u00adho\u00adbe\u00adnen In\u00adfor\u00adma\u00adtio\u00adnen wer\u00adden in\u00adner\u00adhalb der Eu\u00adro\u00adp\u00e4i\u00adschen Uni\u00adon ge\u00adspei\u00adchert.<\/li><li>\u00a0Wir ge\u00adben Ih\u00adre per\u00adso\u00adnen\u00adbe\u00adzo\u00adge\u00adnen Da\u00adten nicht an Drit\u00adte wei\u00adter, es sei denn, Sie ha\u00adben in die Da\u00adten\u00adwei\u00adter\u00adga\u00adbe ein\u00adge\u00adwil\u00adligt oder wir sind auf\u00adgrund ge\u00adsetz\u00adli\u00adcher Be\u00adstim\u00admun\u00adgen und\/oder be\u00adh\u00f6rd\u00adli\u00adcher oder ge\u00adricht\u00adli\u00adcher An\u00adord\u00adnun\u00adgen zu ei\u00adner Da\u00adten\u00adwei\u00adter\u00adga\u00adbe be\u00adrech\u00adtigt oder ver\u00adpflich\u00adtet (z.B. Aus\u00adkunfts\u00ader\u00adtei\u00adlung zum Zwe\u00adcke der Straf\u00adver\u00adfol\u00adgung zur Ge\u00adfah\u00adren\u00adab\u00adwehr oder zur Durch\u00adset\u00adzung geis\u00adti\u00adger Ei\u00adgen\u00adtums\u00adrech\u00adte).<\/li><\/ul><ol start=\"8\"><li><strong> Kon\u00adtakt<\/strong><\/li><\/ol><p>Wenn Sie Fra\u00adgen oder An\u00adre\u00adgun\u00adgen zum Da\u00adten\u00adschutz oder zur Ver\u00adar\u00adbei\u00adtung Ih\u00adrer per\u00ads\u00f6n\u00adli\u00adchen Da\u00adten bei uns ha\u00adben, wen\u00adden Sie sich ger\u00adne an:<\/p><\/div><p>Protekto Gruppe<br \/>Kent Schwirz<br \/>Wendenstra\u00dfe 279<br \/>20537 Hamburg<br \/>\u00a0<br \/>+49 40 422 369 24<br \/><a href=\"mailto:datenschutzt@protekto.group\">datenschutzt@protekto.group<\/a><\/p><\/div><\/div><\/div><\/div><\/div><\/div><\/article><\/div>\t\t\t\t\t\t\t\t<\/div>\n\t\t\t\t<\/div>\n\t\t\t\t<\/div>\n\t\t\t\t<\/div>\n\t\t<div class=\"elementor-element elementor-element-cf700b1 elementor-hidden-mobile elementor-hidden-widescreen elementor-hidden-desktop elementor-hidden-laptop elementor-hidden-tablet_extra elementor-hidden-tablet elementor-hidden-mobile_extra e-flex e-con-boxed e-con e-parent\" data-id=\"cf700b1\" data-element_type=\"container\" data-e-type=\"container\">\n\t\t\t\t\t<div class=\"e-con-inner\">\n\t\t\t\t<div class=\"elementor-element elementor-element-852a26e elementor-widget__width-initial elementor-absolute elementor-widget elementor-widget-spacer\" data-id=\"852a26e\" data-element_type=\"widget\" data-e-type=\"widget\" data-settings=\"{&quot;_position&quot;:&quot;absolute&quot;,&quot;motion_fx_motion_fx_scrolling&quot;:&quot;yes&quot;,&quot;motion_fx_blur_effect&quot;:&quot;yes&quot;,&quot;motion_fx_blur_level&quot;:{&quot;unit&quot;:&quot;px&quot;,&quot;size&quot;:170,&quot;sizes&quot;:[]},&quot;motion_fx_blur_range&quot;:{&quot;unit&quot;:&quot;%&quot;,&quot;size&quot;:&quot;&quot;,&quot;sizes&quot;:{&quot;start&quot;:100,&quot;end&quot;:100}},&quot;motion_fx_blur_direction&quot;:&quot;out-in&quot;,&quot;motion_fx_devices&quot;:[&quot;widescreen&quot;,&quot;desktop&quot;,&quot;laptop&quot;,&quot;tablet_extra&quot;,&quot;tablet&quot;,&quot;mobile_extra&quot;,&quot;mobile&quot;]}\" data-widget_type=\"spacer.default\">\n\t\t\t\t<div class=\"elementor-widget-container\">\n\t\t\t\t\t\t\t<div class=\"elementor-spacer\">\n\t\t\t<div class=\"elementor-spacer-inner\"><\/div>\n\t\t<\/div>\n\t\t\t\t\t\t<\/div>\n\t\t\t\t<\/div>\n\t\t\t\t\t<\/div>\n\t\t\t\t<\/div>\n\t\t\t\t<\/div>\n\t\t","protected":false},"excerpt":{"rendered":"<p>WLAN Nutzungsbedingungen Gestattung zur Nutzung des kabellosen Internetzugangs sportsmed.berlin stellt als Betreiber in den Praxisr\u00e4umen einen kabellosen Internetzugang (WLAN) zur Verf\u00fcgung. Er bietet dem User oder der Userin (in folgendem der Einfachheit \u201eder User\u201c genannt) f\u00fcr die Dauer des Aufenthaltes die M\u00f6glichkeit einer Mitbenutzung dieses Internetzugangs \u00fcber WLAN. Der User ist nicht berechtigt, Dritten die [&hellip;]<\/p>\n","protected":false},"author":1,"featured_media":0,"parent":0,"menu_order":0,"comment_status":"closed","ping_status":"closed","template":"","meta":{"inline_featured_image":false,"wp_typography_post_enhancements_disabled":false,"footnotes":""},"class_list":["post-6335","page","type-page","status-publish","hentry"],"yoast_head":"<!-- This site is optimized with the Yoast SEO plugin v27.3 - https:\/\/yoast.com\/product\/yoast-seo-wordpress\/ -->\n<title>WLAN | sportsmed.berlin<\/title>\n<meta name=\"description\" content=\"Willkommen in unserer hochmodernen orthop\u00e4dischen Praxis in Berlin Kreuzberg, in der ein Team von hochqualifizierten Sportmedizinern, die selbst auch leidenschaftliche Athleten sind, facettenreiche Aspekte in unseren ganzheitlichen Behandlungsansatz einbringen. \u00dcber die Behandlung von Verletzungen und chronischen Problemen hinaus sind wir auf operative und konservative Therapien spezialisiert.\" \/>\n<meta name=\"robots\" content=\"index, follow, max-snippet:-1, max-image-preview:large, max-video-preview:-1\" \/>\n<link rel=\"canonical\" href=\"https:\/\/sportsmed.berlin\/en\/wlan\/\" \/>\n<meta property=\"og:locale\" content=\"en_GB\" \/>\n<meta property=\"og:type\" content=\"article\" \/>\n<meta property=\"og:title\" content=\"WLAN | sportsmed.berlin\" \/>\n<meta property=\"og:description\" content=\"Willkommen in unserer hochmodernen orthop\u00e4dischen Praxis in Berlin Kreuzberg, in der ein Team von hochqualifizierten Sportmedizinern, die selbst auch leidenschaftliche Athleten sind, facettenreiche Aspekte in unseren ganzheitlichen Behandlungsansatz einbringen. \u00dcber die Behandlung von Verletzungen und chronischen Problemen hinaus sind wir auf operative und konservative Therapien spezialisiert.\" \/>\n<meta property=\"og:url\" content=\"https:\/\/sportsmed.berlin\/en\/wlan\/\" \/>\n<meta property=\"og:site_name\" content=\"sportsmed.berlin\" \/>\n<meta property=\"article:publisher\" content=\"https:\/\/www.facebook.com\/sportsmed.berlin\/\" \/>\n<meta property=\"article:modified_time\" content=\"2026-01-20T06:10:11+00:00\" \/>\n<meta property=\"og:image\" content=\"https:\/\/sportsmed.berlin\/wp-content\/uploads\/2023\/12\/sportsmed.berlin-wlogo-CENTERED-subline-BLUE-WHITE-Kopie.jpg\" \/>\n\t<meta property=\"og:image:width\" content=\"1080\" \/>\n\t<meta property=\"og:image:height\" content=\"1080\" \/>\n\t<meta property=\"og:image:type\" content=\"image\/jpeg\" \/>\n<meta name=\"twitter:card\" content=\"summary_large_image\" \/>\n<meta name=\"twitter:label1\" content=\"Estimated reading time\" \/>\n\t<meta name=\"twitter:data1\" content=\"5 minutes\" \/>\n<script type=\"application\/ld+json\" class=\"yoast-schema-graph\">{\"@context\":\"https:\\\/\\\/schema.org\",\"@graph\":[{\"@type\":\"WebPage\",\"@id\":\"https:\\\/\\\/sportsmed.berlin\\\/wlan\\\/\",\"url\":\"https:\\\/\\\/sportsmed.berlin\\\/wlan\\\/\",\"name\":\"WLAN | sportsmed.berlin\",\"isPartOf\":{\"@id\":\"https:\\\/\\\/sportsmed.berlin\\\/#website\"},\"datePublished\":\"2024-05-27T08:30:42+00:00\",\"dateModified\":\"2026-01-20T06:10:11+00:00\",\"description\":\"Willkommen in unserer hochmodernen orthop\u00e4dischen Praxis in Berlin Kreuzberg, in der ein Team von hochqualifizierten Sportmedizinern, die selbst auch leidenschaftliche Athleten sind, facettenreiche Aspekte in unseren ganzheitlichen Behandlungsansatz einbringen. \u00dcber die Behandlung von Verletzungen und chronischen Problemen hinaus sind wir auf operative und konservative Therapien spezialisiert.\",\"breadcrumb\":{\"@id\":\"https:\\\/\\\/sportsmed.berlin\\\/wlan\\\/#breadcrumb\"},\"inLanguage\":\"en-GB\",\"potentialAction\":[{\"@type\":\"ReadAction\",\"target\":[\"https:\\\/\\\/sportsmed.berlin\\\/wlan\\\/\"]}]},{\"@type\":\"BreadcrumbList\",\"@id\":\"https:\\\/\\\/sportsmed.berlin\\\/wlan\\\/#breadcrumb\",\"itemListElement\":[{\"@type\":\"ListItem\",\"position\":1,\"name\":\"Startseite\",\"item\":\"https:\\\/\\\/sportsmed.berlin\\\/\"},{\"@type\":\"ListItem\",\"position\":2,\"name\":\"WLAN Nutzungsbedingungen\"}]},{\"@type\":\"WebSite\",\"@id\":\"https:\\\/\\\/sportsmed.berlin\\\/#website\",\"url\":\"https:\\\/\\\/sportsmed.berlin\\\/\",\"name\":\"sportsmed.berlin\",\"description\":\"Orthop\u00e4die &amp; Traumatologie Bartsch &amp; Taheri Berlin Kreuzberg\",\"publisher\":{\"@id\":\"https:\\\/\\\/sportsmed.berlin\\\/#organization\"},\"alternateName\":\"sportsmed.berlin\",\"potentialAction\":[{\"@type\":\"SearchAction\",\"target\":{\"@type\":\"EntryPoint\",\"urlTemplate\":\"https:\\\/\\\/sportsmed.berlin\\\/?s={search_term_string}\"},\"query-input\":{\"@type\":\"PropertyValueSpecification\",\"valueRequired\":true,\"valueName\":\"search_term_string\"}}],\"inLanguage\":\"en-GB\"},{\"@type\":\"Organization\",\"@id\":\"https:\\\/\\\/sportsmed.berlin\\\/#organization\",\"name\":\"sportsmed.berlin \u2013 Orthop\u00e4die & Traumatologie Bartsch & Taheri\",\"url\":\"https:\\\/\\\/sportsmed.berlin\\\/\",\"logo\":{\"@type\":\"ImageObject\",\"inLanguage\":\"en-GB\",\"@id\":\"https:\\\/\\\/sportsmed.berlin\\\/#\\\/schema\\\/logo\\\/image\\\/\",\"url\":\"https:\\\/\\\/sportsmed.berlin\\\/wp-content\\\/uploads\\\/2023\\\/12\\\/Favicon.svg\",\"contentUrl\":\"https:\\\/\\\/sportsmed.berlin\\\/wp-content\\\/uploads\\\/2023\\\/12\\\/Favicon.svg\",\"width\":512,\"height\":512,\"caption\":\"sportsmed.berlin \u2013 Orthop\u00e4die & Traumatologie Bartsch & Taheri\"},\"image\":{\"@id\":\"https:\\\/\\\/sportsmed.berlin\\\/#\\\/schema\\\/logo\\\/image\\\/\"},\"sameAs\":[\"https:\\\/\\\/www.facebook.com\\\/sportsmed.berlin\\\/\",\"https:\\\/\\\/www.instagram.com\\\/sportsmed.berlin\\\/\",\"https:\\\/\\\/www.linkedin.com\\\/company\\\/sportsmedberlin\\\/\",\"https:\\\/\\\/www.youtube.com\\\/@sportsmed.berlin\"]}]}<\/script>\n<!-- \/ Yoast SEO plugin. -->","yoast_head_json":{"title":"WLAN | sportsmed.berlin","description":"Will\u00adkom\u00admen in unse\u00adrer hoch\u00admo\u00adder\u00adnen ortho\u00adp\u00e4\u00addi\u00adschen Pra\u00adxis in Ber\u00adlin Kreuz\u00adberg, in der ein Team von hoch\u00adqua\u00adli\u00adfi\u00adzier\u00adten Sport\u00adme\u00addi\u00adzi\u00adnern, die selbst auch lei\u00adden\u00adschaft\u00adli\u00adche Ath\u00adle\u00adten sind, facet\u00adten\u00adrei\u00adche Aspek\u00adte in unse\u00adren ganz\u00adheit\u00adli\u00adchen Behand\u00adlungs\u00adan\u00adsatz ein\u00adbrin\u00adgen. \u00dcber die Behand\u00adlung von Ver\u00adlet\u00adzun\u00adgen und chro\u00adni\u00adschen Pro\u00adble\u00admen hin\u00adaus sind wir auf ope\u00adra\u00adti\u00adve und kon\u00adser\u00adva\u00adti\u00adve The\u00adra\u00adpien spe\u00adzia\u00adli\u00adsiert.","robots":{"index":"index","follow":"follow","max-snippet":"max-snippet:-1","max-image-preview":"max-image-preview:large","max-video-preview":"max-video-preview:-1"},"canonical":"https:\/\/sportsmed.berlin\/en\/wlan\/","og_locale":"en_GB","og_type":"article","og_title":"WLAN | sportsmed.berlin","og_description":"Willkommen in unserer hochmodernen orthop\u00e4dischen Praxis in Berlin Kreuzberg, in der ein Team von hochqualifizierten Sportmedizinern, die selbst auch leidenschaftliche Athleten sind, facettenreiche Aspekte in unseren ganzheitlichen Behandlungsansatz einbringen. \u00dcber die Behandlung von Verletzungen und chronischen Problemen hinaus sind wir auf operative und konservative Therapien spezialisiert.","og_url":"https:\/\/sportsmed.berlin\/en\/wlan\/","og_site_name":"sportsmed.berlin","article_publisher":"https:\/\/www.facebook.com\/sportsmed.berlin\/","article_modified_time":"2026-01-20T06:10:11+00:00","og_image":[{"width":1080,"height":1080,"url":"https:\/\/sportsmed.berlin\/wp-content\/uploads\/2023\/12\/sportsmed.berlin-wlogo-CENTERED-subline-BLUE-WHITE-Kopie.jpg","type":"image\/jpeg"}],"twitter_card":"summary_large_image","twitter_misc":{"Estimated reading time":"5 minutes"},"schema":{"@context":"https:\/\/schema.org","@graph":[{"@type":"WebPage","@id":"https:\/\/sportsmed.berlin\/wlan\/","url":"https:\/\/sportsmed.berlin\/wlan\/","name":"WLAN | sportsmed.berlin","isPartOf":{"@id":"https:\/\/sportsmed.berlin\/#website"},"datePublished":"2024-05-27T08:30:42+00:00","dateModified":"2026-01-20T06:10:11+00:00","description":"Will\u00adkom\u00admen in unse\u00adrer hoch\u00admo\u00adder\u00adnen ortho\u00adp\u00e4\u00addi\u00adschen Pra\u00adxis in Ber\u00adlin Kreuz\u00adberg, in der ein Team von hoch\u00adqua\u00adli\u00adfi\u00adzier\u00adten Sport\u00adme\u00addi\u00adzi\u00adnern, die selbst auch lei\u00adden\u00adschaft\u00adli\u00adche Ath\u00adle\u00adten sind, facet\u00adten\u00adrei\u00adche Aspek\u00adte in unse\u00adren ganz\u00adheit\u00adli\u00adchen Behand\u00adlungs\u00adan\u00adsatz ein\u00adbrin\u00adgen. \u00dcber die Behand\u00adlung von Ver\u00adlet\u00adzun\u00adgen und chro\u00adni\u00adschen Pro\u00adble\u00admen hin\u00adaus sind wir auf ope\u00adra\u00adti\u00adve und kon\u00adser\u00adva\u00adti\u00adve The\u00adra\u00adpien spe\u00adzia\u00adli\u00adsiert.","breadcrumb":{"@id":"https:\/\/sportsmed.berlin\/wlan\/#breadcrumb"},"inLanguage":"en-GB","potentialAction":[{"@type":"ReadAction","target":["https:\/\/sportsmed.berlin\/wlan\/"]}]},{"@type":"BreadcrumbList","@id":"https:\/\/sportsmed.berlin\/wlan\/#breadcrumb","itemListElement":[{"@type":"ListItem","position":1,"name":"Startseite","item":"https:\/\/sportsmed.berlin\/"},{"@type":"ListItem","position":2,"name":"WLAN Nutzungsbedingungen"}]},{"@type":"WebSite","@id":"https:\/\/sportsmed.berlin\/#website","url":"https:\/\/sportsmed.berlin\/","name":"sportsmed.berlin","description":"Ortho\u00adp\u00e4\u00addie &amp; Traumatologie Bartsch &amp; Tahe\u00adri Ber\u00adlin Kreuz\u00adberg","publisher":{"@id":"https:\/\/sportsmed.berlin\/#organization"},"alternateName":"sportsmed.berlin","potentialAction":[{"@type":"SearchAction","target":{"@type":"EntryPoint","urlTemplate":"https:\/\/sportsmed.berlin\/?s={search_term_string}"},"query-input":{"@type":"PropertyValueSpecification","valueRequired":true,"valueName":"search_term_string"}}],"inLanguage":"en-GB"},{"@type":"Organization","@id":"https:\/\/sportsmed.berlin\/#organization","name":"sportsmed.berlin \u2013 Ortho\u00adp\u00e4\u00addie &amp; Traumatologie Bartsch &amp; Tahe\u00adri","url":"https:\/\/sportsmed.berlin\/","logo":{"@type":"ImageObject","inLanguage":"en-GB","@id":"https:\/\/sportsmed.berlin\/#\/schema\/logo\/image\/","url":"https:\/\/sportsmed.berlin\/wp-content\/uploads\/2023\/12\/Favicon.svg","contentUrl":"https:\/\/sportsmed.berlin\/wp-content\/uploads\/2023\/12\/Favicon.svg","width":512,"height":512,"caption":"sportsmed.berlin \u2013 Orthop\u00e4die & Traumatologie Bartsch & Taheri"},"image":{"@id":"https:\/\/sportsmed.berlin\/#\/schema\/logo\/image\/"},"sameAs":["https:\/\/www.facebook.com\/sportsmed.berlin\/","https:\/\/www.instagram.com\/sportsmed.berlin\/","https:\/\/www.linkedin.com\/company\/sportsmedberlin\/","https:\/\/www.youtube.com\/@sportsmed.berlin"]}]}},"_links":{"self":[{"href":"https:\/\/sportsmed.berlin\/en\/wp-json\/wp\/v2\/pages\/6335","targetHints":{"allow":["GET"]}}],"collection":[{"href":"https:\/\/sportsmed.berlin\/en\/wp-json\/wp\/v2\/pages"}],"about":[{"href":"https:\/\/sportsmed.berlin\/en\/wp-json\/wp\/v2\/types\/page"}],"author":[{"embeddable":true,"href":"https:\/\/sportsmed.berlin\/en\/wp-json\/wp\/v2\/users\/1"}],"replies":[{"embeddable":true,"href":"https:\/\/sportsmed.berlin\/en\/wp-json\/wp\/v2\/comments?post=6335"}],"version-history":[{"count":8,"href":"https:\/\/sportsmed.berlin\/en\/wp-json\/wp\/v2\/pages\/6335\/revisions"}],"predecessor-version":[{"id":6343,"href":"https:\/\/sportsmed.berlin\/en\/wp-json\/wp\/v2\/pages\/6335\/revisions\/6343"}],"wp:attachment":[{"href":"https:\/\/sportsmed.berlin\/en\/wp-json\/wp\/v2\/media?parent=6335"}],"curies":[{"name":"wp","href":"https:\/\/api.w.org\/{rel}","templated":true}]}}