{"id":4685,"date":"2023-12-27T01:13:43","date_gmt":"2023-12-27T00:13:43","guid":{"rendered":"https:\/\/sportsmed.berlin\/?page_id=4685"},"modified":"2026-01-20T07:07:40","modified_gmt":"2026-01-20T06:07:40","slug":"impressum","status":"publish","type":"page","link":"https:\/\/sportsmed.berlin\/en\/impressum\/","title":{"rendered":"Imprint"},"content":{"rendered":"\t\t<div data-elementor-type=\"wp-page\" data-elementor-id=\"4685\" class=\"elementor elementor-4685\" data-elementor-post-type=\"page\">\n\t\t\t\t<div class=\"elementor-element elementor-element-ea46667 e-con-full e-flex e-con e-parent\" data-id=\"ea46667\" data-element_type=\"container\" data-e-type=\"container\">\n\t\t<div class=\"elementor-element elementor-element-b1aab57 e-con-full e-flex e-con e-child\" data-id=\"b1aab57\" data-element_type=\"container\" data-e-type=\"container\">\n\t\t\t\t<div class=\"elementor-element elementor-element-8ef4499 elementor-widget elementor-widget-heading\" data-id=\"8ef4499\" data-element_type=\"widget\" data-e-type=\"widget\" data-widget_type=\"heading.default\">\n\t\t\t\t<div class=\"elementor-widget-container\">\n\t\t\t\t\t<h2 class=\"elementor-heading-title elementor-size-default\">Impressum von sportsmed.berlin<\/h2>\t\t\t\t<\/div>\n\t\t\t\t<\/div>\n\t\t\t\t<div class=\"elementor-element elementor-element-d5e693d elementor-widget elementor-widget-spacer\" data-id=\"d5e693d\" data-element_type=\"widget\" data-e-type=\"widget\" data-widget_type=\"spacer.default\">\n\t\t\t\t<div class=\"elementor-widget-container\">\n\t\t\t\t\t\t\t<div class=\"elementor-spacer\">\n\t\t\t<div class=\"elementor-spacer-inner\"><\/div>\n\t\t<\/div>\n\t\t\t\t\t\t<\/div>\n\t\t\t\t<\/div>\n\t\t\t\t<div class=\"elementor-element elementor-element-d25d051 elementor-invisible elementor-widget elementor-widget-text-editor\" data-id=\"d25d051\" data-element_type=\"widget\" data-e-type=\"widget\" data-settings=\"{&quot;_animation&quot;:&quot;fadeIn&quot;,&quot;_animation_delay&quot;:300}\" data-widget_type=\"text-editor.default\">\n\t\t\t\t<div class=\"elementor-widget-container\">\n\t\t\t\t\t\t\t\t\t<p><em>Verantwortlich f\u00fcr die auf dieser Seite ver\u00f6ffentlichten Inhalte sind die\u00a0\u00c4rzte<\/em><\/p><p>sportsmed.berlin<br \/>Dr. med. Martin Bartsch &amp; Dr. med. Pouria Taheri<br \/>Markgrafenstra\u00dfe 19<br \/>10969 Berlin\u00a0<\/p><p>Tel.: \u00a0(030) 251 07 77<br \/>Fax: \u00a0(030) 251 10 49<br \/>E\u2011Mail: \u00a0<a href=\"mailto:info@sportsmed.berlin\">info@sportsmed.berlin<\/a><\/p><p>Sie unterstehen der Berufsordnung der L\u00c4K Berlin und dem Heilberufegesetz des Landes Berlin. Die Regelungen finden sich im Gesetzblatt des Landes Berlin 1997, Seite 678; Erg\u00e4nzung durch das VIII. Gesetz zur \u00c4nderung der Berliner Kammerordnung vom 05.10.99, Seite\u00a0537<\/p><p>\u00a0<\/p><p><em>Zust\u00e4ndige Aufsichtsbeh\u00f6rde<\/em><\/p><p>Kassen\u00e4rztliche Vereinigung Berlin<br \/>K\u00f6rperschaft des \u00d6ffentlichen Rechts<br \/>Masurenallee 6 A<br \/>14057 Berlin<\/p><p>Tel.: 030 \u2013 31 003 \u2013 0<br \/>Fax: 030 \u2013 31 003 \u2013 380<br \/>E\u2011Mail: KVBE@kvberlin.de<br \/>Internet: www.kvberlin.de<\/p><p>\u00a0<\/p><p><em>Zust\u00e4ndige Kammer<\/em><\/p><p>\u00c4rztekammer Berlin<br \/>K\u00f6rperschaft des \u00d6ffentlichen Rechts<br \/>Friedrichstra\u00dfe 16<br \/>10969 Berlin<\/p><p>Tel.: 030 \u2013 40 80 6 \u2013 0<br \/>Fax: 030 \u2013 40 80 6 \u2013 34 99<br \/>E\u2011Mail: <a href=\"mailto:kammer@aekb.de\">kammer@aekb.de<\/a><br \/>Internet: <a href=\"http:\/\/www.aerztekammer-berlin.de\">www.aerztekammer-berlin.de<\/a><\/p><p>\u00a0<\/p><p><em>Berufsbezeichnung<\/em><\/p><p>\u00c4rzte (erworben in der Bundesrepublik Deutschland)<\/p><p>\u00a0<\/p><p><em>Berufsrechtliche Regelungen<\/em><\/p><p>Berufsordnung der \u00c4rztekammer Berlin<br \/>Berliner Kammergesetz<\/p><p>(Die Regelungen finden sich auf der Internetseite der \u00c4rztekammer Berlin unter \u201eGesetze-Verordnungen\u201c)<\/p><p>\u00a0<\/p><p><em>Die vertretungsberechtigten Gesellschafter<\/em><\/p><p>Dr. med. Martin Bartsch &amp; Dr. med. Pouria Taheri<\/p><p>\u00a0<\/p><p><em>Haftungshinweis<\/em><\/p><p>Trotz sorgf\u00e4ltiger inhaltlicher Kontrolle \u00fcbernehmen wir keine Haftung f\u00fcr die Inhalte externer Links. F\u00fcr den Inhalt der verlinkten Seiten sind ausschlie\u00dflich deren Betreiber verantwortlich. Mit Urteil vom 12. Mai 1998 hat das Landgericht Hamburg entschieden, dass man durch die Anbringung eines Links die Inhalte der gelinkten Seite ggf. mit zu verantworten hat. Dies kann \u2013 so das LG \u2013 nur dadurch verhindert werden, dass man sich ausdr\u00fccklich von diesen Inhalten distanziert. Daher betonen wir, dass wir keinerlei Einfluss auf die Gestaltung und die Inhalte der gelinkten Seiten haben, distanzieren uns ausdr\u00fccklich von allen Inhalten aller gelinkten Seiten auf dieser Homepage und machen uns ihre Inhalte nicht zu Eigen. Diese Erkl\u00e4rung gilt f\u00fcr alle auf dieser Homepage angebrachten Links. Die Aus\u00fcbung dargebotener Downloadm\u00f6glichkeiten sowie damit verbundene evtl. Software-Anpassung des Nutzers zur Nutzung dieser Download-Angebote erfolgt ohne Gew\u00e4hr und auf eigene Gefahr des jeweiligen Nutzers. Die Nutzung der im Rahmen des Impressums oder vergleichbarer Angaben ver\u00f6ffentlichten Kontaktdaten wie Postanschriften, Telefon- und Faxnummern sowie E\u2011Mail-Adressen durch Dritte zur \u00dcbersendung von nicht ausdr\u00fccklich angeforderten Informationen ist nicht gestattet. Rechtliche Schritte gegen die Versender von so genannten Spam-Mails bei Verst\u00f6\u00dfen gegen dieses Verbot sind ausdr\u00fccklich vorbehalten<\/p><p>\u00a0<\/p><p><em>Design<\/em><\/p><p>Diese Webseite wurde mit Liebe und Sorgfalt von\u00a0<a href=\"https:\/\/anniesthing.de\/\">Anne Buchheister<\/a>\u00a0&amp;\u00a0<a href=\"https:\/\/dijana-kodzoman.com\/\">Dijana Kod\u017eoman\u00a0<\/a>konzipiert, gestaltet und umgesetzt.<\/p>\t\t\t\t\t\t\t\t<\/div>\n\t\t\t\t<\/div>\n\t\t\t\t<\/div>\n\t\t\t\t<\/div>\n\t\t<div class=\"elementor-element elementor-element-cf700b1 elementor-hidden-mobile elementor-hidden-widescreen elementor-hidden-desktop elementor-hidden-laptop elementor-hidden-tablet_extra elementor-hidden-tablet elementor-hidden-mobile_extra e-flex e-con-boxed e-con e-parent\" data-id=\"cf700b1\" data-element_type=\"container\" data-e-type=\"container\">\n\t\t\t\t\t<div class=\"e-con-inner\">\n\t\t\t\t<div class=\"elementor-element elementor-element-852a26e elementor-widget__width-initial elementor-absolute elementor-widget elementor-widget-spacer\" data-id=\"852a26e\" data-element_type=\"widget\" data-e-type=\"widget\" data-settings=\"{&quot;_position&quot;:&quot;absolute&quot;,&quot;motion_fx_motion_fx_scrolling&quot;:&quot;yes&quot;,&quot;motion_fx_blur_effect&quot;:&quot;yes&quot;,&quot;motion_fx_blur_level&quot;:{&quot;unit&quot;:&quot;px&quot;,&quot;size&quot;:170,&quot;sizes&quot;:[]},&quot;motion_fx_blur_range&quot;:{&quot;unit&quot;:&quot;%&quot;,&quot;size&quot;:&quot;&quot;,&quot;sizes&quot;:{&quot;start&quot;:100,&quot;end&quot;:100}},&quot;motion_fx_blur_direction&quot;:&quot;out-in&quot;,&quot;motion_fx_devices&quot;:[&quot;widescreen&quot;,&quot;desktop&quot;,&quot;laptop&quot;,&quot;tablet_extra&quot;,&quot;tablet&quot;,&quot;mobile_extra&quot;,&quot;mobile&quot;]}\" data-widget_type=\"spacer.default\">\n\t\t\t\t<div class=\"elementor-widget-container\">\n\t\t\t\t\t\t\t<div class=\"elementor-spacer\">\n\t\t\t<div class=\"elementor-spacer-inner\"><\/div>\n\t\t<\/div>\n\t\t\t\t\t\t<\/div>\n\t\t\t\t<\/div>\n\t\t\t\t\t<\/div>\n\t\t\t\t<\/div>\n\t\t\t\t<\/div>\n\t\t","protected":false},"excerpt":{"rendered":"<p>Impressum von sportsmed.berlin Verantwortlich f\u00fcr die auf dieser Seite ver\u00f6ffentlichten Inhalte sind die\u00a0\u00c4rzte sportsmed.berlinDr. med. Martin Bartsch &amp; Dr. med. Pouria TaheriMarkgrafenstra\u00dfe 1910969 Berlin\u00a0 Tel.: \u00a0(030) 251 07 77Fax: \u00a0(030) 251 10 49E\u2011Mail: \u00a0info@sportsmed.berlin Sie unterstehen der Berufsordnung der L\u00c4K Berlin und dem Heilberufegesetz des Landes Berlin. Die Regelungen finden sich im Gesetzblatt des Landes [&hellip;]<\/p>\n","protected":false},"author":1,"featured_media":0,"parent":0,"menu_order":0,"comment_status":"closed","ping_status":"closed","template":"","meta":{"inline_featured_image":false,"wp_typography_post_enhancements_disabled":false,"footnotes":""},"class_list":["post-4685","page","type-page","status-publish","hentry"],"yoast_head":"<!-- This site is optimized with the Yoast SEO plugin v27.3 - https:\/\/yoast.com\/product\/yoast-seo-wordpress\/ -->\n<title>Impressum | sportsmed.berlin<\/title>\n<meta name=\"description\" content=\"\ud83d\udcde Impressum von sportsmed.berlin: Verantwortliche \u00c4rzte, Kontaktinfos, rechtliche Angaben und Haftungsausschluss. \ud83d\udce7\ud83d\udc68\u200d\u2695\ufe0f\" \/>\n<meta name=\"robots\" content=\"index, follow, max-snippet:-1, max-image-preview:large, max-video-preview:-1\" \/>\n<link rel=\"canonical\" href=\"https:\/\/sportsmed.berlin\/en\/impressum\/\" \/>\n<meta property=\"og:locale\" content=\"en_GB\" \/>\n<meta property=\"og:type\" content=\"article\" \/>\n<meta property=\"og:title\" content=\"Impressum | sportsmed.berlin\" \/>\n<meta property=\"og:description\" content=\"\ud83d\udcde Impressum von sportsmed.berlin: Verantwortliche \u00c4rzte, Kontaktinfos, rechtliche Angaben und Haftungsausschluss. \ud83d\udce7\ud83d\udc68\u200d\u2695\ufe0f\" \/>\n<meta property=\"og:url\" content=\"https:\/\/sportsmed.berlin\/en\/impressum\/\" \/>\n<meta property=\"og:site_name\" content=\"sportsmed.berlin\" \/>\n<meta property=\"article:publisher\" content=\"https:\/\/www.facebook.com\/sportsmed.berlin\/\" \/>\n<meta property=\"article:modified_time\" content=\"2026-01-20T06:07:40+00:00\" \/>\n<meta property=\"og:image\" content=\"https:\/\/sportsmed.berlin\/wp-content\/uploads\/2023\/12\/sportsmed.berlin-wlogo-CENTERED-subline-BLUE-WHITE-Kopie.jpg\" \/>\n\t<meta property=\"og:image:width\" content=\"1080\" \/>\n\t<meta property=\"og:image:height\" content=\"1080\" \/>\n\t<meta property=\"og:image:type\" content=\"image\/jpeg\" \/>\n<meta name=\"twitter:card\" content=\"summary_large_image\" \/>\n<meta name=\"twitter:label1\" content=\"Estimated reading time\" \/>\n\t<meta name=\"twitter:data1\" content=\"3 minutes\" \/>\n<script type=\"application\/ld+json\" class=\"yoast-schema-graph\">{\"@context\":\"https:\\\/\\\/schema.org\",\"@graph\":[{\"@type\":\"WebPage\",\"@id\":\"https:\\\/\\\/sportsmed.berlin\\\/impressum\\\/\",\"url\":\"https:\\\/\\\/sportsmed.berlin\\\/impressum\\\/\",\"name\":\"Impressum | sportsmed.berlin\",\"isPartOf\":{\"@id\":\"https:\\\/\\\/sportsmed.berlin\\\/#website\"},\"datePublished\":\"2023-12-27T00:13:43+00:00\",\"dateModified\":\"2026-01-20T06:07:40+00:00\",\"description\":\"\ud83d\udcde Impressum von sportsmed.berlin: Verantwortliche \u00c4rzte, Kontaktinfos, rechtliche Angaben und Haftungsausschluss. \ud83d\udce7\ud83d\udc68\u200d\u2695\ufe0f\",\"breadcrumb\":{\"@id\":\"https:\\\/\\\/sportsmed.berlin\\\/impressum\\\/#breadcrumb\"},\"inLanguage\":\"en-GB\",\"potentialAction\":[{\"@type\":\"ReadAction\",\"target\":[\"https:\\\/\\\/sportsmed.berlin\\\/impressum\\\/\"]}]},{\"@type\":\"BreadcrumbList\",\"@id\":\"https:\\\/\\\/sportsmed.berlin\\\/impressum\\\/#breadcrumb\",\"itemListElement\":[{\"@type\":\"ListItem\",\"position\":1,\"name\":\"Startseite\",\"item\":\"https:\\\/\\\/sportsmed.berlin\\\/\"},{\"@type\":\"ListItem\",\"position\":2,\"name\":\"Impressum\"}]},{\"@type\":\"WebSite\",\"@id\":\"https:\\\/\\\/sportsmed.berlin\\\/#website\",\"url\":\"https:\\\/\\\/sportsmed.berlin\\\/\",\"name\":\"sportsmed.berlin\",\"description\":\"Orthop\u00e4die &amp; Traumatologie Bartsch &amp; Taheri Berlin Kreuzberg\",\"publisher\":{\"@id\":\"https:\\\/\\\/sportsmed.berlin\\\/#organization\"},\"alternateName\":\"sportsmed.berlin\",\"potentialAction\":[{\"@type\":\"SearchAction\",\"target\":{\"@type\":\"EntryPoint\",\"urlTemplate\":\"https:\\\/\\\/sportsmed.berlin\\\/?s={search_term_string}\"},\"query-input\":{\"@type\":\"PropertyValueSpecification\",\"valueRequired\":true,\"valueName\":\"search_term_string\"}}],\"inLanguage\":\"en-GB\"},{\"@type\":\"Organization\",\"@id\":\"https:\\\/\\\/sportsmed.berlin\\\/#organization\",\"name\":\"sportsmed.berlin \u2013 Orthop\u00e4die & Traumatologie Bartsch & Taheri\",\"url\":\"https:\\\/\\\/sportsmed.berlin\\\/\",\"logo\":{\"@type\":\"ImageObject\",\"inLanguage\":\"en-GB\",\"@id\":\"https:\\\/\\\/sportsmed.berlin\\\/#\\\/schema\\\/logo\\\/image\\\/\",\"url\":\"https:\\\/\\\/sportsmed.berlin\\\/wp-content\\\/uploads\\\/2023\\\/12\\\/Favicon.svg\",\"contentUrl\":\"https:\\\/\\\/sportsmed.berlin\\\/wp-content\\\/uploads\\\/2023\\\/12\\\/Favicon.svg\",\"width\":512,\"height\":512,\"caption\":\"sportsmed.berlin \u2013 Orthop\u00e4die & Traumatologie Bartsch & Taheri\"},\"image\":{\"@id\":\"https:\\\/\\\/sportsmed.berlin\\\/#\\\/schema\\\/logo\\\/image\\\/\"},\"sameAs\":[\"https:\\\/\\\/www.facebook.com\\\/sportsmed.berlin\\\/\",\"https:\\\/\\\/www.instagram.com\\\/sportsmed.berlin\\\/\",\"https:\\\/\\\/www.linkedin.com\\\/company\\\/sportsmedberlin\\\/\",\"https:\\\/\\\/www.youtube.com\\\/@sportsmed.berlin\"]}]}<\/script>\n<!-- \/ Yoast SEO plugin. -->","yoast_head_json":{"title":"Impres\u00adsum | sportsmed.berlin","description":"\ud83d\udcde Impres\u00adsum von sportsmed.berlin: Ver\u00adant\u00adwort\u00adli\u00adche \u00c4rz\u00adte, Kon\u00adtakt\u00adin\u00adfos, recht\u00adli\u00adche Anga\u00adben und Haf\u00adtungs\u00adaus\u00adschluss. \ud83d\udce7\ud83d\udc68\u200d\u2695\ufe0f","robots":{"index":"index","follow":"follow","max-snippet":"max-snippet:-1","max-image-preview":"max-image-preview:large","max-video-preview":"max-video-preview:-1"},"canonical":"https:\/\/sportsmed.berlin\/en\/impressum\/","og_locale":"en_GB","og_type":"article","og_title":"Impressum | sportsmed.berlin","og_description":"\ud83d\udcde Impressum von sportsmed.berlin: Verantwortliche \u00c4rzte, Kontaktinfos, rechtliche Angaben und Haftungsausschluss. \ud83d\udce7\ud83d\udc68\u200d\u2695\ufe0f","og_url":"https:\/\/sportsmed.berlin\/en\/impressum\/","og_site_name":"sportsmed.berlin","article_publisher":"https:\/\/www.facebook.com\/sportsmed.berlin\/","article_modified_time":"2026-01-20T06:07:40+00:00","og_image":[{"width":1080,"height":1080,"url":"https:\/\/sportsmed.berlin\/wp-content\/uploads\/2023\/12\/sportsmed.berlin-wlogo-CENTERED-subline-BLUE-WHITE-Kopie.jpg","type":"image\/jpeg"}],"twitter_card":"summary_large_image","twitter_misc":{"Estimated reading time":"3 minutes"},"schema":{"@context":"https:\/\/schema.org","@graph":[{"@type":"WebPage","@id":"https:\/\/sportsmed.berlin\/impressum\/","url":"https:\/\/sportsmed.berlin\/impressum\/","name":"Impres\u00adsum | sportsmed.berlin","isPartOf":{"@id":"https:\/\/sportsmed.berlin\/#website"},"datePublished":"2023-12-27T00:13:43+00:00","dateModified":"2026-01-20T06:07:40+00:00","description":"\ud83d\udcde Impres\u00adsum von sportsmed.berlin: Ver\u00adant\u00adwort\u00adli\u00adche \u00c4rz\u00adte, Kon\u00adtakt\u00adin\u00adfos, recht\u00adli\u00adche Anga\u00adben und Haf\u00adtungs\u00adaus\u00adschluss. \ud83d\udce7\ud83d\udc68\u200d\u2695\ufe0f","breadcrumb":{"@id":"https:\/\/sportsmed.berlin\/impressum\/#breadcrumb"},"inLanguage":"en-GB","potentialAction":[{"@type":"ReadAction","target":["https:\/\/sportsmed.berlin\/impressum\/"]}]},{"@type":"BreadcrumbList","@id":"https:\/\/sportsmed.berlin\/impressum\/#breadcrumb","itemListElement":[{"@type":"ListItem","position":1,"name":"Startseite","item":"https:\/\/sportsmed.berlin\/"},{"@type":"ListItem","position":2,"name":"Impressum"}]},{"@type":"WebSite","@id":"https:\/\/sportsmed.berlin\/#website","url":"https:\/\/sportsmed.berlin\/","name":"sportsmed.berlin","description":"Ortho\u00adp\u00e4\u00addie &amp; Traumatologie Bartsch &amp; Tahe\u00adri Ber\u00adlin Kreuz\u00adberg","publisher":{"@id":"https:\/\/sportsmed.berlin\/#organization"},"alternateName":"sportsmed.berlin","potentialAction":[{"@type":"SearchAction","target":{"@type":"EntryPoint","urlTemplate":"https:\/\/sportsmed.berlin\/?s={search_term_string}"},"query-input":{"@type":"PropertyValueSpecification","valueRequired":true,"valueName":"search_term_string"}}],"inLanguage":"en-GB"},{"@type":"Organization","@id":"https:\/\/sportsmed.berlin\/#organization","name":"sportsmed.berlin \u2013 Ortho\u00adp\u00e4\u00addie &amp; Traumatologie Bartsch &amp; Tahe\u00adri","url":"https:\/\/sportsmed.berlin\/","logo":{"@type":"ImageObject","inLanguage":"en-GB","@id":"https:\/\/sportsmed.berlin\/#\/schema\/logo\/image\/","url":"https:\/\/sportsmed.berlin\/wp-content\/uploads\/2023\/12\/Favicon.svg","contentUrl":"https:\/\/sportsmed.berlin\/wp-content\/uploads\/2023\/12\/Favicon.svg","width":512,"height":512,"caption":"sportsmed.berlin \u2013 Orthop\u00e4die & Traumatologie Bartsch & Taheri"},"image":{"@id":"https:\/\/sportsmed.berlin\/#\/schema\/logo\/image\/"},"sameAs":["https:\/\/www.facebook.com\/sportsmed.berlin\/","https:\/\/www.instagram.com\/sportsmed.berlin\/","https:\/\/www.linkedin.com\/company\/sportsmedberlin\/","https:\/\/www.youtube.com\/@sportsmed.berlin"]}]}},"_links":{"self":[{"href":"https:\/\/sportsmed.berlin\/en\/wp-json\/wp\/v2\/pages\/4685","targetHints":{"allow":["GET"]}}],"collection":[{"href":"https:\/\/sportsmed.berlin\/en\/wp-json\/wp\/v2\/pages"}],"about":[{"href":"https:\/\/sportsmed.berlin\/en\/wp-json\/wp\/v2\/types\/page"}],"author":[{"embeddable":true,"href":"https:\/\/sportsmed.berlin\/en\/wp-json\/wp\/v2\/users\/1"}],"replies":[{"embeddable":true,"href":"https:\/\/sportsmed.berlin\/en\/wp-json\/wp\/v2\/comments?post=4685"}],"version-history":[{"count":14,"href":"https:\/\/sportsmed.berlin\/en\/wp-json\/wp\/v2\/pages\/4685\/revisions"}],"predecessor-version":[{"id":8930,"href":"https:\/\/sportsmed.berlin\/en\/wp-json\/wp\/v2\/pages\/4685\/revisions\/8930"}],"wp:attachment":[{"href":"https:\/\/sportsmed.berlin\/en\/wp-json\/wp\/v2\/media?parent=4685"}],"curies":[{"name":"wp","href":"https:\/\/api.w.org\/{rel}","templated":true}]}}